{"id":3337,"date":"2024-10-30T18:13:40","date_gmt":"2024-10-30T18:13:40","guid":{"rendered":"https:\/\/novmar.pl\/?page_id=3337"},"modified":"2025-11-19T16:17:18","modified_gmt":"2025-11-19T16:17:18","slug":"promo","status":"publish","type":"page","link":"https:\/\/novmar.pl\/en\/promo\/","title":{"rendered":"PROMO"},"content":{"rendered":"<div data-elementor-type=\"wp-page\" data-elementor-id=\"3337\" class=\"elementor elementor-3337\" data-elementor-post-type=\"page\">\n\t\t\t\t<div class=\"elementor-element elementor-element-c9fa435 e-flex e-con-boxed e-con e-parent\" data-id=\"c9fa435\" data-element_type=\"container\" data-settings=\"{&quot;background_background&quot;:&quot;classic&quot;,&quot;jet_parallax_layout_list&quot;:[]}\">\n\t\t\t\t\t<div class=\"e-con-inner\">\n\t\t<div class=\"elementor-element elementor-element-d238da0 e-flex e-con-boxed e-con e-child\" data-id=\"d238da0\" data-element_type=\"container\" data-settings=\"{&quot;background_background&quot;:&quot;classic&quot;,&quot;jet_parallax_layout_list&quot;:[]}\">\n\t\t\t\t\t<div class=\"e-con-inner\">\n\t\t\t\t<div class=\"elementor-element elementor-element-df88198 elementor-widget elementor-widget-breadcrumbs\" data-id=\"df88198\" data-element_type=\"widget\" data-widget_type=\"breadcrumbs.default\">\n\t\t\t\t<div class=\"elementor-widget-container\">\n\t\t\t<span id=\"breadcrumbs\"><span><span><a href=\"https:\/\/novmar.pl\/en\/\">Novmar<\/a><\/span><\/span><\/span>\t\t<\/div>\n\t\t\t\t<\/div>\n\t\t\t\t\t<\/div>\n\t\t\t\t<\/div>\n\t\t\t\t\t<\/div>\n\t\t\t\t<\/div>\n\t\t<div class=\"elementor-element elementor-element-d4e989b e-flex e-con-boxed e-con e-parent\" data-id=\"d4e989b\" data-element_type=\"container\" data-settings=\"{&quot;background_background&quot;:&quot;classic&quot;,&quot;jet_parallax_layout_list&quot;:[]}\">\n\t\t\t\t\t<div class=\"e-con-inner\">\n\t\t<div class=\"elementor-element elementor-element-6808ded e-flex e-con-boxed e-con e-child\" data-id=\"6808ded\" data-element_type=\"container\" data-settings=\"{&quot;jet_parallax_layout_list&quot;:[]}\">\n\t\t\t\t\t<div class=\"e-con-inner\">\n\t\t\t\t<div class=\"elementor-element elementor-element-14eb915 elementor-widget elementor-widget-heading\" data-id=\"14eb915\" data-element_type=\"widget\" data-widget_type=\"heading.default\">\n\t\t\t\t<div class=\"elementor-widget-container\">\n\t\t\t<h3 class=\"elementor-heading-title elementor-size-default\">Movies<\/h3>\t\t<\/div>\n\t\t\t\t<\/div>\n\t\t\t\t<div class=\"elementor-element elementor-element-5dfee84 elementor-widget elementor-widget-heading\" data-id=\"5dfee84\" data-element_type=\"widget\" data-widget_type=\"heading.default\">\n\t\t\t\t<div class=\"elementor-widget-container\">\n\t\t\t<h2 class=\"elementor-heading-title elementor-size-default\">Take a peek into the world of Novmar<\/h2>\t\t<\/div>\n\t\t\t\t<\/div>\n\t\t\t\t<div class=\"elementor-element elementor-element-07b8629 elementor-widget-divider--view-line elementor-widget elementor-widget-divider\" data-id=\"07b8629\" data-element_type=\"widget\" data-widget_type=\"divider.default\">\n\t\t\t\t<div class=\"elementor-widget-container\">\n\t\t\t\t\t<div class=\"elementor-divider\">\n\t\t\t<span class=\"elementor-divider-separator\">\n\t\t\t\t\t\t<\/span>\n\t\t<\/div>\n\t\t\t\t<\/div>\n\t\t\t\t<\/div>\n\t\t\t\t<div class=\"elementor-element elementor-element-692e7ea elementor-widget elementor-widget-text-editor\" data-id=\"692e7ea\" data-element_type=\"widget\" data-widget_type=\"text-editor.default\">\n\t\t\t\t<div class=\"elementor-widget-container\">\n\t\t\t\t\t\t\t<p>Below we present video materials that present our history, production process and completed projects.<\/p>\n<p>In our videos we present:&nbsp;<\/p>\n<p><b>Bet<\/b>: Modern production space, offices and warehouses that are the heart of our activities. <br><b>Production processes<\/b>: Our work uses unalloyed steels, boiler steels, stainless steels and nickel alloys.<br><b>Quality control<\/b>: Actions we take to ensure the highest quality products.&nbsp;<\/p>\n<p><span style=\"font-style: inherit; font-weight: inherit; font-family: var( --e-global-typography-9ae3026-font-family ), Montserrat; text-align: var(--text-align); background-color: var( --e-global-color-aee179c );\">We encourage you to watch it.<\/span><\/p>\t\t\t\t\t\t<\/div>\n\t\t\t\t<\/div>\n\t\t<div class=\"elementor-element elementor-element-cb98515 e-con-full arrowHome e-flex e-con e-child\" data-id=\"cb98515\" data-element_type=\"container\" data-settings=\"{&quot;jet_parallax_layout_list&quot;:[]}\">\n\t\t\t\t<div class=\"elementor-element elementor-element-bb46522 elementor-widget elementor-widget-image\" data-id=\"bb46522\" data-element_type=\"widget\" data-widget_type=\"image.default\">\n\t\t\t\t<div class=\"elementor-widget-container\">\n\t\t\t\t\t\t\t\t\t\t\t\t\t<img decoding=\"async\" width=\"27\" height=\"71\" src=\"https:\/\/novmar.pl\/wp-content\/uploads\/2022\/07\/Group-71-1.svg\" class=\"attachment-thumbnail size-thumbnail wp-image-2107\" alt=\"\" \/>\t\t\t\t\t\t\t\t\t\t\t\t\t<\/div>\n\t\t\t\t<\/div>\n\t\t\t\t<div class=\"elementor-element elementor-element-8c3169f elementor-widget elementor-widget-heading\" data-id=\"8c3169f\" data-element_type=\"widget\" data-widget_type=\"heading.default\">\n\t\t\t\t<div class=\"elementor-widget-container\">\n\t\t\t<p class=\"elementor-heading-title elementor-size-default\">Watch our videos<\/p>\t\t<\/div>\n\t\t\t\t<\/div>\n\t\t\t\t<div class=\"elementor-element elementor-element-8e66ab7 elementor-widget elementor-widget-html\" data-id=\"8e66ab7\" data-element_type=\"widget\" data-widget_type=\"html.default\">\n\t\t\t\t<div class=\"elementor-widget-container\">\n\t\t\t<script>\n    document.querySelector('.arrowHome').addEventListener('click', () => {\n        document.querySelector('#obszar').scrollIntoView({behavior: \"smooth\"});\n    })\n<\/script>\t\t<\/div>\n\t\t\t\t<\/div>\n\t\t\t\t<\/div>\n\t\t\t\t\t<\/div>\n\t\t\t\t<\/div>\n\t\t\t\t\t<\/div>\n\t\t\t\t<\/div>\n\t\t<div class=\"elementor-element elementor-element-69177ab e-flex e-con-boxed e-con e-parent\" data-id=\"69177ab\" data-element_type=\"container\" id=\"obszar\" data-settings=\"{&quot;jet_parallax_layout_list&quot;:[]}\">\n\t\t\t\t\t<div class=\"e-con-inner\">\n\t\t<div class=\"elementor-element elementor-element-c9e3b7b e-con-full e-flex e-con e-child\" data-id=\"c9e3b7b\" data-element_type=\"container\" data-settings=\"{&quot;jet_parallax_layout_list&quot;:[]}\">\n\t\t\t\t<div class=\"elementor-element elementor-element-1a42027 elementor-widget elementor-widget-video\" data-id=\"1a42027\" data-element_type=\"widget\" data-settings=\"{&quot;youtube_url&quot;:&quot;https:\\\/\\\/youtu.be\\\/Ms-D-2Q9iLQ&quot;,&quot;yt_privacy&quot;:&quot;yes&quot;,&quot;video_type&quot;:&quot;youtube&quot;,&quot;controls&quot;:&quot;yes&quot;}\" data-widget_type=\"video.default\">\n\t\t\t\t<div class=\"elementor-widget-container\">\n\t\t\t\t\t<div class=\"elementor-wrapper elementor-open-inline\">\n\t\t\t<div class=\"elementor-video\"><\/div>\t\t<\/div>\n\t\t\t\t<\/div>\n\t\t\t\t<\/div>\n\t\t<div class=\"elementor-element elementor-element-8e687bf e-con-full e-flex e-con e-child\" data-id=\"8e687bf\" data-element_type=\"container\" data-settings=\"{&quot;jet_parallax_layout_list&quot;:[]}\">\n\t\t\t\t<div class=\"elementor-element elementor-element-2b8d97c elementor-widget elementor-widget-heading\" data-id=\"2b8d97c\" data-element_type=\"widget\" data-widget_type=\"heading.default\">\n\t\t\t\t<div class=\"elementor-widget-container\">\n\t\t\t<h3 class=\"elementor-heading-title elementor-size-default\">Movie Novmar<\/h3>\t\t<\/div>\n\t\t\t\t<\/div>\n\t\t\t\t<\/div>\n\t\t\t\t<\/div>\n\t\t<div class=\"elementor-element elementor-element-d09fb68 e-con-full e-flex e-con e-child\" data-id=\"d09fb68\" data-element_type=\"container\" data-settings=\"{&quot;jet_parallax_layout_list&quot;:[]}\">\n\t\t\t\t<div class=\"elementor-element elementor-element-b46fc92 elementor-widget elementor-widget-video\" data-id=\"b46fc92\" data-element_type=\"widget\" data-settings=\"{&quot;youtube_url&quot;:&quot;https:\\\/\\\/youtu.be\\\/X_oJTp3OYHs&quot;,&quot;yt_privacy&quot;:&quot;yes&quot;,&quot;video_type&quot;:&quot;youtube&quot;,&quot;controls&quot;:&quot;yes&quot;}\" data-widget_type=\"video.default\">\n\t\t\t\t<div class=\"elementor-widget-container\">\n\t\t\t\t\t<div class=\"elementor-wrapper elementor-open-inline\">\n\t\t\t<div class=\"elementor-video\"><\/div>\t\t<\/div>\n\t\t\t\t<\/div>\n\t\t\t\t<\/div>\n\t\t<div class=\"elementor-element elementor-element-8289962 e-con-full e-flex e-con e-child\" data-id=\"8289962\" data-element_type=\"container\" data-settings=\"{&quot;jet_parallax_layout_list&quot;:[]}\">\n\t\t\t\t<div class=\"elementor-element elementor-element-d78513b elementor-widget elementor-widget-heading\" data-id=\"d78513b\" data-element_type=\"widget\" data-widget_type=\"heading.default\">\n\t\t\t\t<div class=\"elementor-widget-container\">\n\t\t\t<h3 class=\"elementor-heading-title elementor-size-default\">Film Novmar (EN)<\/h3>\t\t<\/div>\n\t\t\t\t<\/div>\n\t\t\t\t<div class=\"elementor-element elementor-element-5aa88a1 elementor-widget elementor-widget-heading\" data-id=\"5aa88a1\" data-element_type=\"widget\" data-widget_type=\"heading.default\">\n\t\t\t\t<div class=\"elementor-widget-container\">\n\t\t\t<h3 class=\"elementor-heading-title elementor-size-default\"><a href=\"http:\/\/pemamek.com\">(pemamek.com)<\/a><\/h3>\t\t<\/div>\n\t\t\t\t<\/div>\n\t\t\t\t<\/div>\n\t\t\t\t<\/div>\n\t\t<div class=\"elementor-element elementor-element-708230d e-con-full e-flex e-con e-child\" data-id=\"708230d\" data-element_type=\"container\" data-settings=\"{&quot;jet_parallax_layout_list&quot;:[]}\">\n\t\t\t\t<div class=\"elementor-element elementor-element-60089cf elementor-widget elementor-widget-video\" data-id=\"60089cf\" data-element_type=\"widget\" data-settings=\"{&quot;yt_privacy&quot;:&quot;yes&quot;,&quot;video_type&quot;:&quot;vimeo&quot;}\" data-widget_type=\"video.default\">\n\t\t\t\t<div class=\"elementor-widget-container\">\n\t\t\t\t\t<div class=\"elementor-wrapper elementor-open-inline\">\n\t\t\t<iframe class=\"elementor-video-iframe\" allowfullscreen allow=\"clipboard-write\" title=\" Vimeo video player\" src=\"https:\/\/player.vimeo.com\/video\/1029023976?color&amp;autopause=0&amp;dnt=true&amp;loop=0&amp;muted=0&amp;title=1&amp;portrait=1&amp;byline=1#t=\"><\/iframe>\t\t<\/div>\n\t\t\t\t<\/div>\n\t\t\t\t<\/div>\n\t\t<div class=\"elementor-element elementor-element-ed5da28 e-con-full e-flex e-con e-child\" data-id=\"ed5da28\" data-element_type=\"container\" data-settings=\"{&quot;jet_parallax_layout_list&quot;:[]}\">\n\t\t\t\t<div class=\"elementor-element elementor-element-5b19f08 elementor-widget elementor-widget-heading\" data-id=\"5b19f08\" data-element_type=\"widget\" data-widget_type=\"heading.default\">\n\t\t\t\t<div class=\"elementor-widget-container\">\n\t\t\t<h3 class=\"elementor-heading-title elementor-size-default\">Novmar Roll<\/h3>\t\t<\/div>\n\t\t\t\t<\/div>\n\t\t\t\t<\/div>\n\t\t\t\t<\/div>\n\t\t\t\t\t<\/div>\n\t\t\t\t<\/div>\n\t\t\t\t<\/div>","protected":false},"excerpt":{"rendered":"<p>Videos: Take a peek into the world of Novmar. Below, we present videos that showcase our history, production process, and completed projects. In our videos, we showcase: The Plant: Our modern production space, offices, and warehouses, which are the heart of our operations. Production Processes: Our work uses unalloyed steel, boiler steel, stainless steel, and nickel alloys. Quality Control: The steps we take to ensure [\u2026]<\/p>","protected":false},"author":1,"featured_media":0,"parent":0,"menu_order":0,"comment_status":"closed","ping_status":"closed","template":"","meta":{"site-sidebar-layout":"no-sidebar","site-content-layout":"page-builder","ast-site-content-layout":"full-width-container","site-content-style":"default","site-sidebar-style":"default","ast-global-header-display":"","ast-banner-title-visibility":"","ast-main-header-display":"","ast-hfb-above-header-display":"","ast-hfb-below-header-display":"","ast-hfb-mobile-header-display":"","site-post-title":"disabled","ast-breadcrumbs-content":"","ast-featured-img":"disabled","footer-sml-layout":"","theme-transparent-header-meta":"","adv-header-id-meta":"","stick-header-meta":"","header-above-stick-meta":"","header-main-stick-meta":"","header-below-stick-meta":"","astra-migrate-meta-layouts":"set","ast-page-background-enabled":"default","ast-page-background-meta":{"desktop":{"background-color":"var(--ast-global-color-4)","background-image":"","background-repeat":"repeat","background-position":"center center","background-size":"auto","background-attachment":"scroll","background-type":"","background-media":"","overlay-type":"","overlay-color":"","overlay-opacity":"","overlay-gradient":""},"tablet":{"background-color":"","background-image":"","background-repeat":"repeat","background-position":"center center","background-size":"auto","background-attachment":"scroll","background-type":"","background-media":"","overlay-type":"","overlay-color":"","overlay-opacity":"","overlay-gradient":""},"mobile":{"background-color":"","background-image":"","background-repeat":"repeat","background-position":"center center","background-size":"auto","background-attachment":"scroll","background-type":"","background-media":"","overlay-type":"","overlay-color":"","overlay-opacity":"","overlay-gradient":""}},"ast-content-background-meta":{"desktop":{"background-color":"var(--ast-global-color-5)","background-image":"","background-repeat":"repeat","background-position":"center center","background-size":"auto","background-attachment":"scroll","background-type":"","background-media":"","overlay-type":"","overlay-color":"","overlay-opacity":"","overlay-gradient":""},"tablet":{"background-color":"var(--ast-global-color-5)","background-image":"","background-repeat":"repeat","background-position":"center center","background-size":"auto","background-attachment":"scroll","background-type":"","background-media":"","overlay-type":"","overlay-color":"","overlay-opacity":"","overlay-gradient":""},"mobile":{"background-color":"var(--ast-global-color-5)","background-image":"","background-repeat":"repeat","background-position":"center center","background-size":"auto","background-attachment":"scroll","background-type":"","background-media":"","overlay-type":"","overlay-color":"","overlay-opacity":"","overlay-gradient":""}},"footnotes":""},"class_list":["post-3337","page","type-page","status-publish","hentry"],"acf":[],"yoast_head":"<!-- This site is optimized with the Yoast SEO plugin v23.7 - https:\/\/yoast.com\/wordpress\/plugins\/seo\/ -->\n<title>PROMO - Novmar<\/title>\n<meta name=\"robots\" content=\"index, follow, max-snippet:-1, max-image-preview:large, max-video-preview:-1\" \/>\n<link rel=\"canonical\" href=\"https:\/\/novmar.pl\/en\/promo\/\" \/>\n<meta property=\"og:locale\" content=\"en_US\" \/>\n<meta property=\"og:type\" content=\"article\" \/>\n<meta property=\"og:title\" content=\"PROMO - Novmar\" \/>\n<meta property=\"og:description\" content=\"Filmy Zajrzyj do \u015bwiata Novmar Poni\u017cej prezentujemy materia\u0142y wideo, kt\u00f3re przybli\u017caj\u0105 nasz\u0105 histori\u0119, proces produkcji oraz zrealizowane projekty. W naszych filmach przedstawiamy:&nbsp; Zak\u0142ad: Nowoczesn\u0105 przestrze\u0144 produkcyjn\u0105, biura i magazyny, kt\u00f3re s\u0105 sercem naszych dzia\u0142a\u0144. Procesy produkcyjne: Nasze prace z wykorzystaniem stali niestopowych, stali kot\u0142owych, nierdzewnych oraz stop\u00f3w niklu.Kontrol\u0119 jako\u015bci: Dzia\u0142ania, kt\u00f3re podejmujemy na rzecz zapewnienia [&hellip;]\" \/>\n<meta property=\"og:url\" content=\"https:\/\/novmar.pl\/en\/promo\/\" \/>\n<meta property=\"og:site_name\" content=\"Novmar\" \/>\n<meta property=\"article:modified_time\" content=\"2025-11-19T16:17:18+00:00\" \/>\n<meta name=\"twitter:card\" content=\"summary_large_image\" \/>\n<meta name=\"twitter:label1\" content=\"Est. reading time\" \/>\n\t<meta name=\"twitter:data1\" content=\"1 minute\" \/>\n<script type=\"application\/ld+json\" class=\"yoast-schema-graph\">{\"@context\":\"https:\/\/schema.org\",\"@graph\":[{\"@type\":\"WebPage\",\"@id\":\"https:\/\/novmar.pl\/promo\/\",\"url\":\"https:\/\/novmar.pl\/promo\/\",\"name\":\"PROMO - Novmar\",\"isPartOf\":{\"@id\":\"https:\/\/novmar.pl\/#website\"},\"primaryImageOfPage\":{\"@id\":\"https:\/\/novmar.pl\/promo\/#primaryimage\"},\"image\":{\"@id\":\"https:\/\/novmar.pl\/promo\/#primaryimage\"},\"thumbnailUrl\":\"https:\/\/novmar.pl\/wp-content\/uploads\/2022\/07\/Group-71-1.svg\",\"datePublished\":\"2024-10-30T18:13:40+00:00\",\"dateModified\":\"2025-11-19T16:17:18+00:00\",\"breadcrumb\":{\"@id\":\"https:\/\/novmar.pl\/promo\/#breadcrumb\"},\"inLanguage\":\"en-US\",\"potentialAction\":[{\"@type\":\"ReadAction\",\"target\":[\"https:\/\/novmar.pl\/promo\/\"]}]},{\"@type\":\"ImageObject\",\"inLanguage\":\"en-US\",\"@id\":\"https:\/\/novmar.pl\/promo\/#primaryimage\",\"url\":\"https:\/\/novmar.pl\/wp-content\/uploads\/2022\/07\/Group-71-1.svg\",\"contentUrl\":\"https:\/\/novmar.pl\/wp-content\/uploads\/2022\/07\/Group-71-1.svg\"},{\"@type\":\"BreadcrumbList\",\"@id\":\"https:\/\/novmar.pl\/promo\/#breadcrumb\",\"itemListElement\":[{\"@type\":\"ListItem\",\"position\":1,\"name\":\"Novmar\",\"item\":\"https:\/\/novmar.pl\/\"},{\"@type\":\"ListItem\",\"position\":2,\"name\":\"PROMO\"}]},{\"@type\":\"WebSite\",\"@id\":\"https:\/\/novmar.pl\/#website\",\"url\":\"https:\/\/novmar.pl\/\",\"name\":\"Novmar\",\"description\":\"Nasz priorytet to jako\u015b\u0107\",\"publisher\":{\"@id\":\"https:\/\/novmar.pl\/#organization\"},\"potentialAction\":[{\"@type\":\"SearchAction\",\"target\":{\"@type\":\"EntryPoint\",\"urlTemplate\":\"https:\/\/novmar.pl\/?s={search_term_string}\"},\"query-input\":{\"@type\":\"PropertyValueSpecification\",\"valueRequired\":true,\"valueName\":\"search_term_string\"}}],\"inLanguage\":\"en-US\"},{\"@type\":\"Organization\",\"@id\":\"https:\/\/novmar.pl\/#organization\",\"name\":\"Novmar\",\"url\":\"https:\/\/novmar.pl\/\",\"logo\":{\"@type\":\"ImageObject\",\"inLanguage\":\"en-US\",\"@id\":\"https:\/\/novmar.pl\/#\/schema\/logo\/image\/\",\"url\":\"https:\/\/novmar.pl\/wp-content\/uploads\/2022\/06\/logo-novmar-1.png\",\"contentUrl\":\"https:\/\/novmar.pl\/wp-content\/uploads\/2022\/06\/logo-novmar-1.png\",\"width\":258,\"height\":69,\"caption\":\"Novmar\"},\"image\":{\"@id\":\"https:\/\/novmar.pl\/#\/schema\/logo\/image\/\"}}]}<\/script>\n<!-- \/ Yoast SEO plugin. -->","yoast_head_json":{"title":"PROMO - Novmar","robots":{"index":"index","follow":"follow","max-snippet":"max-snippet:-1","max-image-preview":"max-image-preview:large","max-video-preview":"max-video-preview:-1"},"canonical":"https:\/\/novmar.pl\/en\/promo\/","og_locale":"en_US","og_type":"article","og_title":"PROMO - Novmar","og_description":"Filmy Zajrzyj do \u015bwiata Novmar Poni\u017cej prezentujemy materia\u0142y wideo, kt\u00f3re przybli\u017caj\u0105 nasz\u0105 histori\u0119, proces produkcji oraz zrealizowane projekty. W naszych filmach przedstawiamy:&nbsp; Zak\u0142ad: Nowoczesn\u0105 przestrze\u0144 produkcyjn\u0105, biura i magazyny, kt\u00f3re s\u0105 sercem naszych dzia\u0142a\u0144. Procesy produkcyjne: Nasze prace z wykorzystaniem stali niestopowych, stali kot\u0142owych, nierdzewnych oraz stop\u00f3w niklu.Kontrol\u0119 jako\u015bci: Dzia\u0142ania, kt\u00f3re podejmujemy na rzecz zapewnienia [&hellip;]","og_url":"https:\/\/novmar.pl\/en\/promo\/","og_site_name":"Novmar","article_modified_time":"2025-11-19T16:17:18+00:00","twitter_card":"summary_large_image","twitter_misc":{"Est. reading time":"1 minute"},"schema":{"@context":"https:\/\/schema.org","@graph":[{"@type":"WebPage","@id":"https:\/\/novmar.pl\/promo\/","url":"https:\/\/novmar.pl\/promo\/","name":"PROMO - Novmar","isPartOf":{"@id":"https:\/\/novmar.pl\/#website"},"primaryImageOfPage":{"@id":"https:\/\/novmar.pl\/promo\/#primaryimage"},"image":{"@id":"https:\/\/novmar.pl\/promo\/#primaryimage"},"thumbnailUrl":"https:\/\/novmar.pl\/wp-content\/uploads\/2022\/07\/Group-71-1.svg","datePublished":"2024-10-30T18:13:40+00:00","dateModified":"2025-11-19T16:17:18+00:00","breadcrumb":{"@id":"https:\/\/novmar.pl\/promo\/#breadcrumb"},"inLanguage":"en-US","potentialAction":[{"@type":"ReadAction","target":["https:\/\/novmar.pl\/promo\/"]}]},{"@type":"ImageObject","inLanguage":"en-US","@id":"https:\/\/novmar.pl\/promo\/#primaryimage","url":"https:\/\/novmar.pl\/wp-content\/uploads\/2022\/07\/Group-71-1.svg","contentUrl":"https:\/\/novmar.pl\/wp-content\/uploads\/2022\/07\/Group-71-1.svg"},{"@type":"BreadcrumbList","@id":"https:\/\/novmar.pl\/promo\/#breadcrumb","itemListElement":[{"@type":"ListItem","position":1,"name":"Novmar","item":"https:\/\/novmar.pl\/"},{"@type":"ListItem","position":2,"name":"PROMO"}]},{"@type":"WebSite","@id":"https:\/\/novmar.pl\/#website","url":"https:\/\/novmar.pl\/","name":"Novmar","description":"Nasz priorytet to jako\u015b\u0107","publisher":{"@id":"https:\/\/novmar.pl\/#organization"},"potentialAction":[{"@type":"SearchAction","target":{"@type":"EntryPoint","urlTemplate":"https:\/\/novmar.pl\/?s={search_term_string}"},"query-input":{"@type":"PropertyValueSpecification","valueRequired":true,"valueName":"search_term_string"}}],"inLanguage":"en-US"},{"@type":"Organization","@id":"https:\/\/novmar.pl\/#organization","name":"Novmar","url":"https:\/\/novmar.pl\/","logo":{"@type":"ImageObject","inLanguage":"en-US","@id":"https:\/\/novmar.pl\/#\/schema\/logo\/image\/","url":"https:\/\/novmar.pl\/wp-content\/uploads\/2022\/06\/logo-novmar-1.png","contentUrl":"https:\/\/novmar.pl\/wp-content\/uploads\/2022\/06\/logo-novmar-1.png","width":258,"height":69,"caption":"Novmar"},"image":{"@id":"https:\/\/novmar.pl\/#\/schema\/logo\/image\/"}}]}},"_links":{"self":[{"href":"https:\/\/novmar.pl\/en\/wp-json\/wp\/v2\/pages\/3337","targetHints":{"allow":["GET"]}}],"collection":[{"href":"https:\/\/novmar.pl\/en\/wp-json\/wp\/v2\/pages"}],"about":[{"href":"https:\/\/novmar.pl\/en\/wp-json\/wp\/v2\/types\/page"}],"author":[{"embeddable":true,"href":"https:\/\/novmar.pl\/en\/wp-json\/wp\/v2\/users\/1"}],"replies":[{"embeddable":true,"href":"https:\/\/novmar.pl\/en\/wp-json\/wp\/v2\/comments?post=3337"}],"version-history":[{"count":28,"href":"https:\/\/novmar.pl\/en\/wp-json\/wp\/v2\/pages\/3337\/revisions"}],"predecessor-version":[{"id":3579,"href":"https:\/\/novmar.pl\/en\/wp-json\/wp\/v2\/pages\/3337\/revisions\/3579"}],"wp:attachment":[{"href":"https:\/\/novmar.pl\/en\/wp-json\/wp\/v2\/media?parent=3337"}],"curies":[{"name":"wp","href":"https:\/\/api.w.org\/{rel}","templated":true}]}}